{"id":40,"date":"2019-07-03T22:57:43","date_gmt":"2019-07-03T22:57:43","guid":{"rendered":"http:\/\/www.favela.dreamhosters.com\/2019\/?page_id=40"},"modified":"2019-12-16T22:41:06","modified_gmt":"2019-12-16T22:41:06","slug":"home","status":"publish","type":"page","link":"https:\/\/www.favelagrafia2020.cortexvisual.com.br\/en\/","title":{"rendered":"FAVELAGRAFIA"},"content":{"rendered":"<p>[vc_row row_height_percent=&#8221;0&#8243; override_padding=&#8221;yes&#8221; h_padding=&#8221;2&#8243; top_padding=&#8221;3&#8243; bottom_padding=&#8221;2&#8243; overlay_alpha=&#8221;50&#8243; gutter_size=&#8221;3&#8243; column_width_percent=&#8221;100&#8243; shift_y=&#8221;0&#8243; z_index=&#8221;0&#8243; el_class=&#8221;textogrande&#8221; row_name=&#8221;sobre&#8221;][vc_column column_width_percent=&#8221;100&#8243; font_family=&#8221;font-114139&#8243; overlay_alpha=&#8221;50&#8243; gutter_size=&#8221;3&#8243; medium_width=&#8221;0&#8243; mobile_width=&#8221;0&#8243; shift_x=&#8221;0&#8243; shift_y=&#8221;0&#8243; shift_y_down=&#8221;0&#8243; z_index=&#8221;0&#8243; width=&#8221;1\/1&#8243;][vc_custom_heading text_font=&#8221;font-985010&#8243; text_weight=&#8221;900&#8243;]<strong>FAVELAGRAFIA 2.0<\/strong>[\/vc_custom_heading][vc_column_text]The Favelagrafia Project reaches its second edition, continuing its goal of presenting a new perspective on favelas in Rio de Janeiro through the eyes of those who know them best: their residents \u2013 in this case, nine photographers full of talent and dreams, who are passionate about the art of photography and, especially, about the communities where they live.[\/vc_column_text][vc_column_text]In this second phase of Favelagrafia, the project&#8217;s photographers portray talented people from the favelas who have abilities in music, dance, art, performance, fashion, and sports. There&#8217;s no lack of powerful talent in the favelas, nor of stories about art and life that deserve to be told \u2013 stories that have been represented through photographs and, in this second phase, also in videos.[\/vc_column_text][vc_column_text]Launched in 2016, the project aims to transform the city&#8217;s view of its favelas by showing that they are not only about drug trafficking, guns and danger, they are, in fact, about potency, talent, and creativity.[\/vc_column_text][vc_empty_space empty_h=&#8221;0&#8243;][vc_custom_heading text_font=&#8221;font-985010&#8243; text_weight=&#8221;900&#8243;]<strong>NBS SOMA<\/strong>[\/vc_custom_heading][vc_column_text]NBS SoMa believes that the relevance of brands is related to their ability to transform people\u2019s lives and that Brazilian slums and suburbs are thriving urban territories, full of talents and transformation opportunities.[\/vc_column_text][vc_column_text]Our proposal is to urge the brands to think about it and, more than that, to act in favor of these talented people, through positive-impact projects.[\/vc_column_text][vc_empty_space empty_h=&#8221;0&#8243;][vc_custom_heading text_font=&#8221;font-985010&#8243; text_weight=&#8221;900&#8243;]<strong>UBER<\/strong>[\/vc_custom_heading][vc_column_text]Uber\u2019s mission is to create opportunities through movement. The company began its operations in 2010 aiming to solve a simple problem: \u201chow to get a car at the touch of a button?\u201d After more than 15 billion trips later, it has developed solutions to bring people closer to where they want to be. By changing the way people, food and things move and connect in the cities, Uber is a platform that opens the world to new possibilities.[\/vc_column_text][vc_empty_space empty_h=&#8221;1&#8243;][\/vc_column][\/vc_row]<\/p>","protected":false},"excerpt":{"rendered":"<p>[vc_row row_height_percent=&#8221;0&#8243; override_padding=&#8221;yes&#8221; h_padding=&#8221;2&#8243; top_padding=&#8221;3&#8243; bottom_padding=&#8221;2&#8243; overlay_alpha=&#8221;50&#8243; gutter_size=&#8221;3&#8243; column_width_percent=&#8221;100&#8243; shift_y=&#8221;0&#8243; z_index=&#8221;0&#8243; el_class=&#8221;textogrande&#8221; row_name=&#8221;sobre&#8221;][vc_column column_width_percent=&#8221;100&#8243; font_family=&#8221;font-114139&#8243; overlay_alpha=&#8221;50&#8243; gutter_size=&#8221;3&#8243; medium_width=&#8221;0&#8243; mobile_width=&#8221;0&#8243; shift_x=&#8221;0&#8243; [&hellip;]<\/p>\n","protected":false},"author":1,"featured_media":0,"parent":0,"menu_order":0,"comment_status":"closed","ping_status":"closed","template":"","meta":{"footnotes":""},"class_list":["post-40","page","type-page","status-publish","hentry"],"yoast_head":"<!-- This site is optimized with the Yoast SEO plugin v26.5 - https:\/\/yoast.com\/wordpress\/plugins\/seo\/ -->\n<title>FAVELAGRAFIA - Favelagrafia<\/title>\n<meta name=\"robots\" content=\"index, follow, max-snippet:-1, max-image-preview:large, max-video-preview:-1\" \/>\n<link rel=\"canonical\" href=\"https:\/\/www.favelagrafia2020.cortexvisual.com.br\/\" \/>\n<meta property=\"og:locale\" content=\"en_US\" \/>\n<meta property=\"og:type\" content=\"article\" \/>\n<meta property=\"og:title\" content=\"Favelagrafia 2.0\" \/>\n<meta property=\"og:description\" content=\"Nove fot\u00f3grafos, de nove diferentes favelas do Rio, retratam a pot\u00eancia criativa das comunidades cariocas, em foto e v\u00eddeo.\" \/>\n<meta property=\"og:url\" content=\"https:\/\/www.favelagrafia2020.cortexvisual.com.br\/\" \/>\n<meta property=\"og:site_name\" content=\"Favelagrafia\" \/>\n<meta property=\"article:modified_time\" content=\"2019-12-16T22:41:06+00:00\" \/>\n<meta property=\"og:image\" content=\"https:\/\/www.favelagrafia2020.cortexvisual.com.br\/wp-content\/uploads\/2019\/11\/favela_face.png\" \/>\n\t<meta property=\"og:image:width\" content=\"1200\" \/>\n\t<meta property=\"og:image:height\" content=\"630\" \/>\n\t<meta property=\"og:image:type\" content=\"image\/png\" \/>\n<meta name=\"twitter:card\" content=\"summary_large_image\" \/>\n<meta name=\"twitter:title\" content=\"Favelagrafia 2.0\" \/>\n<meta name=\"twitter:description\" content=\"Nove fot\u00f3grafos, de nove diferentes favelas do Rio, retratam a pot\u00eancia criativa das comunidades cariocas, em foto e v\u00eddeo.\" \/>\n<meta name=\"twitter:image\" content=\"https:\/\/www.favelagrafia2020.cortexvisual.com.br\/wp-content\/uploads\/2019\/11\/favela_face.png\" \/>\n<meta name=\"twitter:label1\" content=\"Est. reading time\" \/>\n\t<meta name=\"twitter:data1\" content=\"5 minutes\" \/>\n<script type=\"application\/ld+json\" class=\"yoast-schema-graph\">{\"@context\":\"https:\/\/schema.org\",\"@graph\":[{\"@type\":\"WebPage\",\"@id\":\"https:\/\/www.favelagrafia2020.cortexvisual.com.br\/\",\"url\":\"https:\/\/www.favelagrafia2020.cortexvisual.com.br\/\",\"name\":\"FAVELAGRAFIA - Favelagrafia\",\"isPartOf\":{\"@id\":\"https:\/\/www.favelagrafia2020.cortexvisual.com.br\/#website\"},\"datePublished\":\"2019-07-03T22:57:43+00:00\",\"dateModified\":\"2019-12-16T22:41:06+00:00\",\"breadcrumb\":{\"@id\":\"https:\/\/www.favelagrafia2020.cortexvisual.com.br\/#breadcrumb\"},\"inLanguage\":\"en-US\",\"potentialAction\":[{\"@type\":\"ReadAction\",\"target\":[\"https:\/\/www.favelagrafia2020.cortexvisual.com.br\/\"]}]},{\"@type\":\"BreadcrumbList\",\"@id\":\"https:\/\/www.favelagrafia2020.cortexvisual.com.br\/#breadcrumb\",\"itemListElement\":[{\"@type\":\"ListItem\",\"position\":1,\"name\":\"In\u00edcio\",\"item\":\"https:\/\/www.favelagrafia2020.cortexvisual.com.br\/\"},{\"@type\":\"ListItem\",\"position\":2,\"name\":\"FAVELAGRAFIA\"}]},{\"@type\":\"WebSite\",\"@id\":\"https:\/\/www.favelagrafia2020.cortexvisual.com.br\/#website\",\"url\":\"https:\/\/www.favelagrafia2020.cortexvisual.com.br\/\",\"name\":\"Favelagrafia\",\"description\":\"Edition 2019\",\"potentialAction\":[{\"@type\":\"SearchAction\",\"target\":{\"@type\":\"EntryPoint\",\"urlTemplate\":\"https:\/\/www.favelagrafia2020.cortexvisual.com.br\/?s={search_term_string}\"},\"query-input\":{\"@type\":\"PropertyValueSpecification\",\"valueRequired\":true,\"valueName\":\"search_term_string\"}}],\"inLanguage\":\"en-US\"}]}<\/script>\n<!-- \/ Yoast SEO plugin. -->","yoast_head_json":{"title":"FAVELAGRAFIA - Favelagrafia","robots":{"index":"index","follow":"follow","max-snippet":"max-snippet:-1","max-image-preview":"max-image-preview:large","max-video-preview":"max-video-preview:-1"},"canonical":"https:\/\/www.favelagrafia2020.cortexvisual.com.br\/","og_locale":"en_US","og_type":"article","og_title":"Favelagrafia 2.0","og_description":"Nove fot\u00f3grafos, de nove diferentes favelas do Rio, retratam a pot\u00eancia criativa das comunidades cariocas, em foto e v\u00eddeo.","og_url":"https:\/\/www.favelagrafia2020.cortexvisual.com.br\/","og_site_name":"Favelagrafia","article_modified_time":"2019-12-16T22:41:06+00:00","og_image":[{"width":1200,"height":630,"url":"https:\/\/www.favelagrafia2020.cortexvisual.com.br\/wp-content\/uploads\/2019\/11\/favela_face.png","type":"image\/png"}],"twitter_card":"summary_large_image","twitter_title":"Favelagrafia 2.0","twitter_description":"Nove fot\u00f3grafos, de nove diferentes favelas do Rio, retratam a pot\u00eancia criativa das comunidades cariocas, em foto e v\u00eddeo.","twitter_image":"https:\/\/www.favelagrafia2020.cortexvisual.com.br\/wp-content\/uploads\/2019\/11\/favela_face.png","twitter_misc":{"Est. reading time":"5 minutes"},"schema":{"@context":"https:\/\/schema.org","@graph":[{"@type":"WebPage","@id":"https:\/\/www.favelagrafia2020.cortexvisual.com.br\/","url":"https:\/\/www.favelagrafia2020.cortexvisual.com.br\/","name":"FAVELAGRAFIA - Favelagrafia","isPartOf":{"@id":"https:\/\/www.favelagrafia2020.cortexvisual.com.br\/#website"},"datePublished":"2019-07-03T22:57:43+00:00","dateModified":"2019-12-16T22:41:06+00:00","breadcrumb":{"@id":"https:\/\/www.favelagrafia2020.cortexvisual.com.br\/#breadcrumb"},"inLanguage":"en-US","potentialAction":[{"@type":"ReadAction","target":["https:\/\/www.favelagrafia2020.cortexvisual.com.br\/"]}]},{"@type":"BreadcrumbList","@id":"https:\/\/www.favelagrafia2020.cortexvisual.com.br\/#breadcrumb","itemListElement":[{"@type":"ListItem","position":1,"name":"In\u00edcio","item":"https:\/\/www.favelagrafia2020.cortexvisual.com.br\/"},{"@type":"ListItem","position":2,"name":"FAVELAGRAFIA"}]},{"@type":"WebSite","@id":"https:\/\/www.favelagrafia2020.cortexvisual.com.br\/#website","url":"https:\/\/www.favelagrafia2020.cortexvisual.com.br\/","name":"Favelagrafia","description":"Edition 2019","potentialAction":[{"@type":"SearchAction","target":{"@type":"EntryPoint","urlTemplate":"https:\/\/www.favelagrafia2020.cortexvisual.com.br\/?s={search_term_string}"},"query-input":{"@type":"PropertyValueSpecification","valueRequired":true,"valueName":"search_term_string"}}],"inLanguage":"en-US"}]}},"_links":{"self":[{"href":"https:\/\/www.favelagrafia2020.cortexvisual.com.br\/en\/wp-json\/wp\/v2\/pages\/40","targetHints":{"allow":["GET"]}}],"collection":[{"href":"https:\/\/www.favelagrafia2020.cortexvisual.com.br\/en\/wp-json\/wp\/v2\/pages"}],"about":[{"href":"https:\/\/www.favelagrafia2020.cortexvisual.com.br\/en\/wp-json\/wp\/v2\/types\/page"}],"author":[{"embeddable":true,"href":"https:\/\/www.favelagrafia2020.cortexvisual.com.br\/en\/wp-json\/wp\/v2\/users\/1"}],"replies":[{"embeddable":true,"href":"https:\/\/www.favelagrafia2020.cortexvisual.com.br\/en\/wp-json\/wp\/v2\/comments?post=40"}],"version-history":[{"count":11,"href":"https:\/\/www.favelagrafia2020.cortexvisual.com.br\/en\/wp-json\/wp\/v2\/pages\/40\/revisions"}],"predecessor-version":[{"id":80098,"href":"https:\/\/www.favelagrafia2020.cortexvisual.com.br\/en\/wp-json\/wp\/v2\/pages\/40\/revisions\/80098"}],"wp:attachment":[{"href":"https:\/\/www.favelagrafia2020.cortexvisual.com.br\/en\/wp-json\/wp\/v2\/media?parent=40"}],"curies":[{"name":"wp","href":"https:\/\/api.w.org\/{rel}","templated":true}]}}